{"id":880,"date":"2024-02-20T08:41:45","date_gmt":"2024-02-20T08:41:45","guid":{"rendered":"https:\/\/nurer.com.tr\/?post_type=product&#038;p=880"},"modified":"2024-02-20T08:41:45","modified_gmt":"2024-02-20T08:41:45","slug":"figue-protobene","status":"publish","type":"product","link":"https:\/\/nurer.com.tr\/fr\/product\/figue-protobene\/","title":{"rendered":"Figue Protob\u00e8ne"},"content":{"rendered":"","protected":false},"excerpt":{"rendered":"<p>Nos figues s\u00e9ch\u00e9es Nurer sont soigneusement conserv\u00e9es en chambre froide pour pr\u00e9server leur fra\u00eecheur et leur qualit\u00e9. Cela garantit que nous pouvons toujours offrir \u00e0 nos clients un produit frais et d\u00e9licieux. Les figues s\u00e9ch\u00e9es sont un fruit qui donne de l&#8217;\u00e9nergie et est riche en vitamines et min\u00e9raux.Il peut augmenter la r\u00e9sistance de l&#8217;organisme pendant les mois d&#8217;hiver et apporter force et endurance contre de nombreux probl\u00e8mes de sant\u00e9. Notre produit est pr\u00e9par\u00e9 selon la m\u00e9thode \u00ab protoben \u00bb, qui correspond \u00e0 la m\u00e9thode de transformation des figues. Gr\u00e2ce \u00e0 cette m\u00e9thode de transformation, les figues s\u00e9ch\u00e9es ressemblent \u00e0 une coquille de moule. Une fois que les parties de la tige et des yeux des figues s\u00e9ch\u00e9es sont cach\u00e9es, elles sont empil\u00e9es les unes sur les autres. Cette m\u00e9thode de traitement minutieuse facilite la pr\u00e9sentation et le stockage du produit.<\/p>","protected":false},"featured_media":881,"comment_status":"closed","ping_status":"closed","template":"","meta":[],"product_cat":[53],"product_tag":[],"class_list":{"0":"post-880","1":"product","2":"type-product","3":"status-publish","4":"has-post-thumbnail","6":"product_cat-uncategorized-fr","8":"first","9":"instock","10":"shipping-taxable","11":"product-type-simple"},"_links":{"self":[{"href":"https:\/\/nurer.com.tr\/fr\/wp-json\/wp\/v2\/product\/880","targetHints":{"allow":["GET"]}}],"collection":[{"href":"https:\/\/nurer.com.tr\/fr\/wp-json\/wp\/v2\/product"}],"about":[{"href":"https:\/\/nurer.com.tr\/fr\/wp-json\/wp\/v2\/types\/product"}],"replies":[{"embeddable":true,"href":"https:\/\/nurer.com.tr\/fr\/wp-json\/wp\/v2\/comments?post=880"}],"wp:featuredmedia":[{"embeddable":true,"href":"https:\/\/nurer.com.tr\/fr\/wp-json\/wp\/v2\/media\/881"}],"wp:attachment":[{"href":"https:\/\/nurer.com.tr\/fr\/wp-json\/wp\/v2\/media?parent=880"}],"wp:term":[{"taxonomy":"product_cat","embeddable":true,"href":"https:\/\/nurer.com.tr\/fr\/wp-json\/wp\/v2\/product_cat?post=880"},{"taxonomy":"product_tag","embeddable":true,"href":"https:\/\/nurer.com.tr\/fr\/wp-json\/wp\/v2\/product_tag?post=880"}],"curies":[{"name":"wp","href":"https:\/\/api.w.org\/{rel}","templated":true}]}}