{"id":74,"date":"2024-01-18T07:40:21","date_gmt":"2024-01-18T07:40:21","guid":{"rendered":"https:\/\/nurer.com.tr\/?post_type=product&#038;p=74"},"modified":"2024-01-29T06:58:52","modified_gmt":"2024-01-29T06:58:52","slug":"lerida","status":"publish","type":"product","link":"https:\/\/nurer.com.tr\/fr\/product\/lerida\/","title":{"rendered":"Lerida"},"content":{"rendered":"","protected":false},"excerpt":{"rendered":"<div class=\"content-wrapper\">\n<div class=\"gdlr-content\">\n<div class=\"with-sidebar-wrapper\">\n<div class=\"with-sidebar-container container\">\n<div class=\"with-sidebar-left eight columns\">\n<div class=\"with-sidebar-content twelve columns\">\n<section id=\"content-section-1\">\n<div class=\"section-container container\">\n<div class=\"blog-item-wrapper\">\n<div class=\"blog-item-holder\">\n<div class=\"gdlr-item gdlr-blog-full\">\n<div class=\"gdlr-ux gdlr-blog-full-ux\">\n<article id=\"post-862\" class=\"post-862 post type-post status-publish format-standard has-post-thumbnail hentry category-blog category-fit-row tag-blog tag-link tag-news\">\n<div class=\"gdlr-standard-style\">\n<div class=\"blog-content-wrapper\">\n<div class=\"gdlr-blog-content\">\n<p>Les figues s\u00e9ch\u00e9es Nurer Lerida sont obtenues \u00e0 partir de figues de la plus haute qualit\u00e9, soigneusement r\u00e9colt\u00e9es en saison et s\u00e9ch\u00e9es selon des proc\u00e9d\u00e9s sp\u00e9ciaux. Les figues s\u00e9ch\u00e9es de type Lerida, fa\u00e7onn\u00e9es et conditionn\u00e9es \u00e0 la main, sont riches en vitamines, min\u00e9raux et antioxydants naturels. S'il favorise la digestion gr\u00e2ce \u00e0 sa teneur \u00e9lev\u00e9e en fibres, il est indispensable pour vos collations et desserts sains gr\u00e2ce \u00e0 son go\u00fbt unique. Propos\u00e9es avec les options bio et conventionnelles de Nurer, les Figues S\u00e9ch\u00e9es Lerida apportent fra\u00eecheur et qualit\u00e9 \u00e0 vos tables.<\/p>\n<\/div>\n<\/div>\n<\/div>\n<\/article>\n<\/div>\n<\/div>\n<\/div>\n<\/div>\n<\/div>\n<\/section>\n<\/div>\n<\/div>\n<\/div>\n<\/div>\n<\/div>\n<\/div>","protected":false},"featured_media":323,"comment_status":"open","ping_status":"closed","template":"","meta":[],"product_cat":[17],"product_tag":[],"class_list":{"0":"post-74","1":"product","2":"type-product","3":"status-publish","4":"has-post-thumbnail","6":"product_cat-genel","8":"first","9":"instock","10":"sale","11":"shipping-taxable","12":"purchasable","13":"product-type-simple"},"_links":{"self":[{"href":"https:\/\/nurer.com.tr\/fr\/wp-json\/wp\/v2\/product\/74","targetHints":{"allow":["GET"]}}],"collection":[{"href":"https:\/\/nurer.com.tr\/fr\/wp-json\/wp\/v2\/product"}],"about":[{"href":"https:\/\/nurer.com.tr\/fr\/wp-json\/wp\/v2\/types\/product"}],"replies":[{"embeddable":true,"href":"https:\/\/nurer.com.tr\/fr\/wp-json\/wp\/v2\/comments?post=74"}],"wp:featuredmedia":[{"embeddable":true,"href":"https:\/\/nurer.com.tr\/fr\/wp-json\/wp\/v2\/media\/323"}],"wp:attachment":[{"href":"https:\/\/nurer.com.tr\/fr\/wp-json\/wp\/v2\/media?parent=74"}],"wp:term":[{"taxonomy":"product_cat","embeddable":true,"href":"https:\/\/nurer.com.tr\/fr\/wp-json\/wp\/v2\/product_cat?post=74"},{"taxonomy":"product_tag","embeddable":true,"href":"https:\/\/nurer.com.tr\/fr\/wp-json\/wp\/v2\/product_tag?post=74"}],"curies":[{"name":"wp","href":"https:\/\/api.w.org\/{rel}","templated":true}]}}