{"id":558,"date":"2024-01-26T11:53:24","date_gmt":"2024-01-26T11:53:24","guid":{"rendered":"https:\/\/nurer.com.tr\/?post_type=product&#038;p=558"},"modified":"2024-02-20T08:02:59","modified_gmt":"2024-02-20T08:02:59","slug":"garland","status":"publish","type":"product","link":"https:\/\/nurer.com.tr\/fr\/product\/garland\/","title":{"rendered":"Garland"},"content":{"rendered":"","protected":false},"excerpt":{"rendered":"<p>La figue s\u00e9ch\u00e9e Nurer Garland est un produit \u00e0 base de figue s\u00e9ch\u00e9e pr\u00e9par\u00e9 selon une m\u00e9thode de traitement sp\u00e9ciale et dispos\u00e9 en forme de bagel. Les figues s\u00e9ch\u00e9es sous forme de Lerida sont pr\u00e9par\u00e9es dans des moules ronds sp\u00e9ciaux en forme de bagels. Les figues dispos\u00e9es prennent une forme ronde et sont parfois plac\u00e9es dans un moule circulaire, donnant au produit l'apparence d'un collier ou d'un bracelet. Cette m\u00e9thode de transformation particuli\u00e8re apporte une solution esth\u00e9tique pour la pr\u00e9sentation et la conservation des figues s\u00e9ch\u00e9es. Les figues s\u00e9ch\u00e9es Garland peuvent \u00eatre consomm\u00e9es comme collation d\u00e9licieuse et saine ou utilis\u00e9es dans une vari\u00e9t\u00e9 de recettes. Nos figues s\u00e9ch\u00e9es de haute qualit\u00e9 sont trait\u00e9es dans des conditions hygi\u00e9niques et propos\u00e9es \u00e0 nos clients.<\/p>","protected":false},"featured_media":565,"comment_status":"open","ping_status":"closed","template":"","meta":[],"product_cat":[17],"product_tag":[],"class_list":{"0":"post-558","1":"product","2":"type-product","3":"status-publish","4":"has-post-thumbnail","6":"product_cat-genel","8":"first","9":"instock","10":"shipping-taxable","11":"product-type-simple"},"_links":{"self":[{"href":"https:\/\/nurer.com.tr\/fr\/wp-json\/wp\/v2\/product\/558","targetHints":{"allow":["GET"]}}],"collection":[{"href":"https:\/\/nurer.com.tr\/fr\/wp-json\/wp\/v2\/product"}],"about":[{"href":"https:\/\/nurer.com.tr\/fr\/wp-json\/wp\/v2\/types\/product"}],"replies":[{"embeddable":true,"href":"https:\/\/nurer.com.tr\/fr\/wp-json\/wp\/v2\/comments?post=558"}],"wp:featuredmedia":[{"embeddable":true,"href":"https:\/\/nurer.com.tr\/fr\/wp-json\/wp\/v2\/media\/565"}],"wp:attachment":[{"href":"https:\/\/nurer.com.tr\/fr\/wp-json\/wp\/v2\/media?parent=558"}],"wp:term":[{"taxonomy":"product_cat","embeddable":true,"href":"https:\/\/nurer.com.tr\/fr\/wp-json\/wp\/v2\/product_cat?post=558"},{"taxonomy":"product_tag","embeddable":true,"href":"https:\/\/nurer.com.tr\/fr\/wp-json\/wp\/v2\/product_tag?post=558"}],"curies":[{"name":"wp","href":"https:\/\/api.w.org\/{rel}","templated":true}]}}