{"id":556,"date":"2024-01-26T11:50:14","date_gmt":"2024-01-26T11:50:14","guid":{"rendered":"https:\/\/nurer.com.tr\/?post_type=product&#038;p=556"},"modified":"2024-02-20T08:14:31","modified_gmt":"2024-02-20T08:14:31","slug":"layer","status":"publish","type":"product","link":"https:\/\/nurer.com.tr\/fr\/product\/layer\/","title":{"rendered":"Layer"},"content":{"rendered":"","protected":false},"excerpt":{"rendered":"<p>La figue s\u00e9ch\u00e9e Nurer Layer est un produit \u00e0 base de figue s\u00e9ch\u00e9e pr\u00e9par\u00e9 selon une m\u00e9thode de traitement sp\u00e9ciale et dispos\u00e9 en couches. Les figues s\u00e9ch\u00e9es sont pr\u00e9par\u00e9es en les coupant ou en les d\u00e9chirant dans le sens de la longueur vers la tige, en les pla\u00e7ant dans des moules sp\u00e9ciaux, puis en les superposant en couches, 2 \u00e0 3 couches, et en les pressant. Cette m\u00e9thode de transformation particuli\u00e8re constitue une solution pratique pour la pr\u00e9sentation et la conservation des figues s\u00e9ch\u00e9es. Les figues s\u00e9ch\u00e9es en couches peuvent \u00eatre consomm\u00e9es comme collation d\u00e9licieuse et saine ou utilis\u00e9es dans diverses recettes. Nos figues s\u00e9ch\u00e9es de haute qualit\u00e9 sont trait\u00e9es dans des conditions hygi\u00e9niques et propos\u00e9es \u00e0 nos clients.<\/p>","protected":false},"featured_media":559,"comment_status":"open","ping_status":"closed","template":"","meta":[],"product_cat":[17],"product_tag":[],"class_list":{"0":"post-556","1":"product","2":"type-product","3":"status-publish","4":"has-post-thumbnail","6":"product_cat-genel","8":"first","9":"instock","10":"shipping-taxable","11":"product-type-simple"},"_links":{"self":[{"href":"https:\/\/nurer.com.tr\/fr\/wp-json\/wp\/v2\/product\/556","targetHints":{"allow":["GET"]}}],"collection":[{"href":"https:\/\/nurer.com.tr\/fr\/wp-json\/wp\/v2\/product"}],"about":[{"href":"https:\/\/nurer.com.tr\/fr\/wp-json\/wp\/v2\/types\/product"}],"replies":[{"embeddable":true,"href":"https:\/\/nurer.com.tr\/fr\/wp-json\/wp\/v2\/comments?post=556"}],"wp:featuredmedia":[{"embeddable":true,"href":"https:\/\/nurer.com.tr\/fr\/wp-json\/wp\/v2\/media\/559"}],"wp:attachment":[{"href":"https:\/\/nurer.com.tr\/fr\/wp-json\/wp\/v2\/media?parent=556"}],"wp:term":[{"taxonomy":"product_cat","embeddable":true,"href":"https:\/\/nurer.com.tr\/fr\/wp-json\/wp\/v2\/product_cat?post=556"},{"taxonomy":"product_tag","embeddable":true,"href":"https:\/\/nurer.com.tr\/fr\/wp-json\/wp\/v2\/product_tag?post=556"}],"curies":[{"name":"wp","href":"https:\/\/api.w.org\/{rel}","templated":true}]}}