{"id":555,"date":"2024-01-26T11:50:05","date_gmt":"2024-01-26T11:50:05","guid":{"rendered":"https:\/\/nurer.com.tr\/?post_type=product&#038;p=555"},"modified":"2024-02-20T08:41:45","modified_gmt":"2024-02-20T08:41:45","slug":"protoben","status":"publish","type":"product","link":"https:\/\/nurer.com.tr\/fr\/product\/protoben\/","title":{"rendered":"Protoben"},"content":{"rendered":"","protected":false},"excerpt":{"rendered":"<p>Nurer Kuru \u0130ncirlerimiz, tazeli\u011fini ve kalitesini korumak i\u00e7in \u00f6zenle so\u011fuk hava depolar\u0131nda muhafaza edilmektedir. Bu, m\u00fc\u015fterilerimize her zaman taze ve lezzetli bir \u00fcr\u00fcn sunabilmemizi sa\u011flar. Kuru incir, enerji veren, vitamin ve mineral bak\u0131m\u0131ndan zengin bir meyve olup, k\u0131\u015f aylar\u0131nda v\u00fccudun direncini art\u0131rarak pek \u00e7ok sa\u011fl\u0131k sorununa kar\u015f\u0131 g\u00fc\u00e7 ve dayan\u0131kl\u0131l\u0131k kazand\u0131rabilir. \u00dcr\u00fcn\u00fcm\u00fcz, incirin i\u015flenme \u015fekli olan &#8216;protoben&#8217; y\u00f6ntemiyle haz\u0131rlanm\u0131\u015ft\u0131r. Bu i\u015fleme y\u00f6ntemi sayesinde, kuru incirlerin g\u00f6r\u00fcnt\u00fcs\u00fc midye kabu\u011fu gibi bir yap\u0131ya sahip olur. Kuru incirlerin sap ve g\u00f6z k\u0131s\u0131mlar\u0131 gizlendikten sonra, \u00fcst \u00fcste bindirilerek dizilirler. Bu \u00f6zenli i\u015fleme \u015fekli, \u00fcr\u00fcn\u00fcn sunumu ve depolama kolayl\u0131\u011f\u0131 sa\u011flar.<\/p>","protected":false},"featured_media":566,"comment_status":"open","ping_status":"closed","template":"","meta":[],"product_cat":[17],"product_tag":[],"class_list":{"0":"post-555","1":"product","2":"type-product","3":"status-publish","4":"has-post-thumbnail","6":"product_cat-genel","8":"first","9":"instock","10":"shipping-taxable","11":"product-type-simple"},"_links":{"self":[{"href":"https:\/\/nurer.com.tr\/fr\/wp-json\/wp\/v2\/product\/555","targetHints":{"allow":["GET"]}}],"collection":[{"href":"https:\/\/nurer.com.tr\/fr\/wp-json\/wp\/v2\/product"}],"about":[{"href":"https:\/\/nurer.com.tr\/fr\/wp-json\/wp\/v2\/types\/product"}],"replies":[{"embeddable":true,"href":"https:\/\/nurer.com.tr\/fr\/wp-json\/wp\/v2\/comments?post=555"}],"wp:featuredmedia":[{"embeddable":true,"href":"https:\/\/nurer.com.tr\/fr\/wp-json\/wp\/v2\/media\/566"}],"wp:attachment":[{"href":"https:\/\/nurer.com.tr\/fr\/wp-json\/wp\/v2\/media?parent=555"}],"wp:term":[{"taxonomy":"product_cat","embeddable":true,"href":"https:\/\/nurer.com.tr\/fr\/wp-json\/wp\/v2\/product_cat?post=555"},{"taxonomy":"product_tag","embeddable":true,"href":"https:\/\/nurer.com.tr\/fr\/wp-json\/wp\/v2\/product_tag?post=555"}],"curies":[{"name":"wp","href":"https:\/\/api.w.org\/{rel}","templated":true}]}}