{"id":535,"date":"2024-01-26T10:57:08","date_gmt":"2024-01-26T10:57:08","guid":{"rendered":"https:\/\/nurer.com.tr\/?post_type=product&#038;p=535"},"modified":"2024-01-29T07:31:16","modified_gmt":"2024-01-29T07:31:16","slug":"pulled","status":"publish","type":"product","link":"https:\/\/nurer.com.tr\/fr\/product\/pulled\/","title":{"rendered":"Pulled"},"content":{"rendered":"","protected":false},"excerpt":{"rendered":"<p>Si les figues s\u00e9ch\u00e9es effiloch\u00e9es Nurer repr\u00e9sentent une saveur sp\u00e9cifique \u00e0 la r\u00e9gion d'Ayd\u0131n, elles sont soigneusement pr\u00e9par\u00e9es \u00e0 partir de figues s\u00e9ch\u00e9es emball\u00e9es et cultiv\u00e9es dans les conditions les plus pures, biologiques et hygi\u00e9niques. Une fois les tiges des figues s\u00e9ch\u00e9es cach\u00e9es, leurs sommets sont pr\u00e9par\u00e9s avec une base incurv\u00e9e et carr\u00e9e, ce qui assure une facilit\u00e9 de pr\u00e9sentation et de stockage du produit. La figue s\u00e9ch\u00e9e effiloch\u00e9e est un fruit enti\u00e8rement naturel et biologique qui est pr\u00e9f\u00e9r\u00e9 par ceux qui recherchent une collation saine. Les figues s\u00e9ch\u00e9es effiloch\u00e9es, qui r\u00e9pondent aux besoins nutritionnels de l'organisme gr\u00e2ce \u00e0 leurs sucres naturels, leurs fibres et leurs min\u00e9raux, peuvent \u00e9galement \u00eatre la solution \u00e0 vos envies sucr\u00e9es en offrant un go\u00fbt d\u00e9licieux. Les normes de qualit\u00e9 les plus \u00e9lev\u00e9es sont respect\u00e9es dans la s\u00e9lection et le conditionnement des figues s\u00e9ch\u00e9es de qualit\u00e9, offrant ainsi \u00e0 nos clients un produit frais et d\u00e9licieux.<\/p>","protected":false},"featured_media":508,"comment_status":"open","ping_status":"closed","template":"","meta":[],"product_cat":[17],"product_tag":[],"class_list":{"0":"post-535","1":"product","2":"type-product","3":"status-publish","4":"has-post-thumbnail","6":"product_cat-genel","8":"first","9":"instock","10":"shipping-taxable","11":"product-type-simple"},"_links":{"self":[{"href":"https:\/\/nurer.com.tr\/fr\/wp-json\/wp\/v2\/product\/535","targetHints":{"allow":["GET"]}}],"collection":[{"href":"https:\/\/nurer.com.tr\/fr\/wp-json\/wp\/v2\/product"}],"about":[{"href":"https:\/\/nurer.com.tr\/fr\/wp-json\/wp\/v2\/types\/product"}],"replies":[{"embeddable":true,"href":"https:\/\/nurer.com.tr\/fr\/wp-json\/wp\/v2\/comments?post=535"}],"wp:featuredmedia":[{"embeddable":true,"href":"https:\/\/nurer.com.tr\/fr\/wp-json\/wp\/v2\/media\/508"}],"wp:attachment":[{"href":"https:\/\/nurer.com.tr\/fr\/wp-json\/wp\/v2\/media?parent=535"}],"wp:term":[{"taxonomy":"product_cat","embeddable":true,"href":"https:\/\/nurer.com.tr\/fr\/wp-json\/wp\/v2\/product_cat?post=535"},{"taxonomy":"product_tag","embeddable":true,"href":"https:\/\/nurer.com.tr\/fr\/wp-json\/wp\/v2\/product_tag?post=535"}],"curies":[{"name":"wp","href":"https:\/\/api.w.org\/{rel}","templated":true}]}}