{"id":534,"date":"2024-01-26T10:56:40","date_gmt":"2024-01-26T10:56:40","guid":{"rendered":"https:\/\/nurer.com.tr\/?post_type=product&#038;p=534"},"modified":"2024-01-29T07:23:10","modified_gmt":"2024-01-29T07:23:10","slug":"baglama","status":"publish","type":"product","link":"https:\/\/nurer.com.tr\/fr\/product\/baglama\/","title":{"rendered":"Baglama"},"content":{"rendered":"","protected":false},"excerpt":{"rendered":"<p>La figue Nurer Baglama est produite en s\u00e9lectionnant des figues m\u00fbres de la plus haute qualit\u00e9, soigneusement r\u00e9colt\u00e9es sur des figuiers de montagne poussant \u00e0 haute altitude. Cette m\u00e9thode de transformation particuli\u00e8re consiste \u00e0 attacher les figues s\u00e9ch\u00e9es de leurs tiges une \u00e0 une avec de la corde ou du raphia naturel et \u00e0 les disposer dans des bo\u00eetes de diff\u00e9rentes mani\u00e8res. Pr\u00e9par\u00e9e selon un processus minutieux, la Figue Baglama se d\u00e9marque par son go\u00fbt naturel tout en pr\u00e9servant sa fra\u00eecheur et sa qualit\u00e9. Les figues s\u00e9ch\u00e9es Baglama sont un choix id\u00e9al pour ceux qui recherchent une collation ou un ingr\u00e9dient de repas sain et d\u00e9licieux.<\/p>","protected":false},"featured_media":506,"comment_status":"open","ping_status":"closed","template":"","meta":[],"product_cat":[17],"product_tag":[],"class_list":{"0":"post-534","1":"product","2":"type-product","3":"status-publish","4":"has-post-thumbnail","6":"product_cat-genel","8":"first","9":"instock","10":"shipping-taxable","11":"product-type-simple"},"_links":{"self":[{"href":"https:\/\/nurer.com.tr\/fr\/wp-json\/wp\/v2\/product\/534","targetHints":{"allow":["GET"]}}],"collection":[{"href":"https:\/\/nurer.com.tr\/fr\/wp-json\/wp\/v2\/product"}],"about":[{"href":"https:\/\/nurer.com.tr\/fr\/wp-json\/wp\/v2\/types\/product"}],"replies":[{"embeddable":true,"href":"https:\/\/nurer.com.tr\/fr\/wp-json\/wp\/v2\/comments?post=534"}],"wp:featuredmedia":[{"embeddable":true,"href":"https:\/\/nurer.com.tr\/fr\/wp-json\/wp\/v2\/media\/506"}],"wp:attachment":[{"href":"https:\/\/nurer.com.tr\/fr\/wp-json\/wp\/v2\/media?parent=534"}],"wp:term":[{"taxonomy":"product_cat","embeddable":true,"href":"https:\/\/nurer.com.tr\/fr\/wp-json\/wp\/v2\/product_cat?post=534"},{"taxonomy":"product_tag","embeddable":true,"href":"https:\/\/nurer.com.tr\/fr\/wp-json\/wp\/v2\/product_tag?post=534"}],"curies":[{"name":"wp","href":"https:\/\/api.w.org\/{rel}","templated":true}]}}