{"id":643,"date":"2024-02-01T08:19:39","date_gmt":"2024-02-01T08:19:39","guid":{"rendered":"https:\/\/nurer.com.tr\/?page_id=643"},"modified":"2024-02-01T14:03:33","modified_gmt":"2024-02-01T14:03:33","slug":"blog","status":"publish","type":"page","link":"https:\/\/nurer.com.tr\/fr\/blog\/","title":{"rendered":"Blog"},"content":{"rendered":"<div data-elementor-type=\"wp-page\" data-elementor-id=\"643\" class=\"elementor elementor-643\" data-elementor-post-type=\"page\">\n\t\t\t\t<div class=\"elementor-element elementor-element-f626332 e-flex e-con-boxed e-con e-parent\" data-id=\"f626332\" data-element_type=\"container\" data-settings=\"{&quot;background_background&quot;:&quot;classic&quot;,&quot;content_width&quot;:&quot;boxed&quot;}\" data-core-v316-plus=\"true\">\n\t\t\t\t\t<div class=\"e-con-inner\">\n\t\t\t\t<div class=\"elementor-element elementor-element-cfa7635 elementor-widget elementor-widget-heading\" data-id=\"cfa7635\" data-element_type=\"widget\" data-widget_type=\"heading.default\">\n\t\t\t\t<div class=\"elementor-widget-container\">\n\t\t\t<style>\/*! elementor - v3.19.0 - 07-02-2024 *\/\n.elementor-heading-title{padding:0;margin:0;line-height:1}.elementor-widget-heading .elementor-heading-title[class*=elementor-size-]>a{color:inherit;font-size:inherit;line-height:inherit}.elementor-widget-heading .elementor-heading-title.elementor-size-small{font-size:15px}.elementor-widget-heading .elementor-heading-title.elementor-size-medium{font-size:19px}.elementor-widget-heading .elementor-heading-title.elementor-size-large{font-size:29px}.elementor-widget-heading .elementor-heading-title.elementor-size-xl{font-size:39px}.elementor-widget-heading .elementor-heading-title.elementor-size-xxl{font-size:59px}<\/style><h2 class=\"elementor-heading-title elementor-size-default\">Blog <\/h2>\t\t<\/div>\n\t\t\t\t<\/div>\n\t\t\t\t\t<\/div>\n\t\t\t\t<\/div>\n\t\t<div class=\"elementor-element elementor-element-bc93488 e-flex e-con-boxed e-con e-parent\" data-id=\"bc93488\" data-element_type=\"container\" data-settings=\"{&quot;content_width&quot;:&quot;boxed&quot;}\" data-core-v316-plus=\"true\">\n\t\t\t\t\t<div class=\"e-con-inner\">\n\t\t\t\t<div class=\"elementor-element elementor-element-9c8fd1a elementor-grid-3 elementor-grid-tablet-2 elementor-grid-mobile-1 elementor-widget elementor-widget-loop-grid\" data-id=\"9c8fd1a\" data-element_type=\"widget\" data-settings=\"{&quot;template_id&quot;:652,&quot;_skin&quot;:&quot;post&quot;,&quot;columns&quot;:&quot;3&quot;,&quot;columns_tablet&quot;:&quot;2&quot;,&quot;columns_mobile&quot;:&quot;1&quot;,&quot;edit_handle_selector&quot;:&quot;[data-elementor-type=\\&quot;loop-item\\&quot;]&quot;,&quot;row_gap&quot;:{&quot;unit&quot;:&quot;px&quot;,&quot;size&quot;:&quot;&quot;,&quot;sizes&quot;:[]},&quot;row_gap_tablet&quot;:{&quot;unit&quot;:&quot;px&quot;,&quot;size&quot;:&quot;&quot;,&quot;sizes&quot;:[]},&quot;row_gap_mobile&quot;:{&quot;unit&quot;:&quot;px&quot;,&quot;size&quot;:&quot;&quot;,&quot;sizes&quot;:[]}}\" data-widget_type=\"loop-grid.post\">\n\t\t\t\t<div class=\"elementor-widget-container\">\n\t\t\t<link rel=\"stylesheet\" href=\"https:\/\/nurer.com.tr\/wp-content\/plugins\/elementor-pro\/assets\/css\/widget-loop-builder.min.css\">\t\t<div class=\"elementor-loop-container elementor-grid\">\n\t\t<style id=\"loop-652\">.elementor-652 .elementor-element.elementor-element-2559313{--display:flex;--flex-direction:column;--container-widget-width:100%;--container-widget-height:initial;--container-widget-flex-grow:0;--container-widget-align-self:initial;--gap:10px 10px;--background-transition:0.3s;--border-radius:20px 20px 20px 20px;--padding-block-start:20px;--padding-block-end:20px;--padding-inline-start:20px;--padding-inline-end:20px;}.elementor-652 .elementor-element.elementor-element-2559313:not(.elementor-motion-effects-element-type-background), .elementor-652 .elementor-element.elementor-element-2559313 > .elementor-motion-effects-container > .elementor-motion-effects-layer{background-color:var( --e-global-color-20f68be );}.elementor-652 .elementor-element.elementor-element-2559313, .elementor-652 .elementor-element.elementor-element-2559313::before{--border-transition:0.3s;}.elementor-652 .elementor-element.elementor-element-f2d55de{--display:flex;--flex-direction:row;--container-widget-width:initial;--container-widget-height:100%;--container-widget-flex-grow:1;--container-widget-align-self:stretch;--background-transition:0.3s;}.elementor-652 .elementor-element.elementor-element-df47954 .elementor-heading-title{color:var( --e-global-color-3de807d );font-family:\"Poppins\", Sans-serif;font-size:14px;font-weight:400;}.elementor-652 .elementor-element.elementor-element-313e75b .elementor-heading-title{color:#000000;font-family:\"Poppins\", Sans-serif;font-size:14px;font-weight:400;}.elementor-652 .elementor-element.elementor-element-ca891d7 .elementor-heading-title{color:#000000;font-family:\"Poppins\", Sans-serif;font-size:21px;font-weight:500;}<\/style>\t\t<div data-elementor-type=\"loop-item\" data-elementor-id=\"652\" class=\"elementor elementor-652 e-loop-item e-loop-item-700 post-700 post type-post status-publish format-standard has-post-thumbnail hentry category-yazilar\" data-elementor-post-type=\"elementor_library\" data-custom-edit-handle=\"1\">\n\t\t\t<a class=\"elementor-element elementor-element-2559313 e-con-full e-flex e-con e-parent\" data-id=\"2559313\" data-element_type=\"container\" data-settings=\"{&quot;content_width&quot;:&quot;full&quot;,&quot;background_background&quot;:&quot;classic&quot;}\" data-core-v316-plus=\"true\" href=\"https:\/\/nurer.com.tr\/fr\/kuru-incirin-faydalari-ve-alirken-dikkat-edilmesi-gerekenler\/\">\n\t\t\t\t<div class=\"elementor-element elementor-element-c928d3d elementor-widget elementor-widget-theme-post-featured-image elementor-widget-image\" data-id=\"c928d3d\" data-element_type=\"widget\" data-widget_type=\"theme-post-featured-image.default\">\n\t\t\t\t<div class=\"elementor-widget-container\">\n\t\t\t<style>\/*! elementor - v3.19.0 - 07-02-2024 *\/\n.elementor-widget-image{text-align:center}.elementor-widget-image a{display:inline-block}.elementor-widget-image a img[src$=\".svg\"]{width:48px}.elementor-widget-image img{vertical-align:middle;display:inline-block}<\/style>\t\t\t\t\t\t\t\t\t\t<img fetchpriority=\"high\" decoding=\"async\" width=\"800\" height=\"534\" src=\"https:\/\/nurer.com.tr\/wp-content\/uploads\/2024\/02\/various-dried-fruits-bowl-trivet-marble-surface-1024x683.jpg\" class=\"attachment-large size-large wp-image-701\" alt=\"\" srcset=\"https:\/\/nurer.com.tr\/wp-content\/uploads\/2024\/02\/various-dried-fruits-bowl-trivet-marble-surface-1024x683.jpg 1024w, https:\/\/nurer.com.tr\/wp-content\/uploads\/2024\/02\/various-dried-fruits-bowl-trivet-marble-surface-300x200.jpg 300w, https:\/\/nurer.com.tr\/wp-content\/uploads\/2024\/02\/various-dried-fruits-bowl-trivet-marble-surface-768x512.jpg 768w, https:\/\/nurer.com.tr\/wp-content\/uploads\/2024\/02\/various-dried-fruits-bowl-trivet-marble-surface-1536x1024.jpg 1536w, https:\/\/nurer.com.tr\/wp-content\/uploads\/2024\/02\/various-dried-fruits-bowl-trivet-marble-surface-2048x1365.jpg 2048w, https:\/\/nurer.com.tr\/wp-content\/uploads\/2024\/02\/various-dried-fruits-bowl-trivet-marble-surface-600x400.jpg 600w\" sizes=\"(max-width: 800px) 100vw, 800px\" \/>\t\t\t\t\t\t\t\t\t\t\t\t\t<\/div>\n\t\t\t\t<\/div>\n\t\t<div class=\"elementor-element elementor-element-f2d55de e-flex e-con-boxed e-con e-child\" data-id=\"f2d55de\" data-element_type=\"container\" data-settings=\"{&quot;content_width&quot;:&quot;boxed&quot;}\">\n\t\t\t\t\t<div class=\"e-con-inner\">\n\t\t\t\t<div class=\"elementor-element elementor-element-df47954 elementor-widget elementor-widget-heading\" data-id=\"df47954\" data-element_type=\"widget\" data-widget_type=\"heading.default\">\n\t\t\t\t<div class=\"elementor-widget-container\">\n\t\t\t<h2 class=\"elementor-heading-title elementor-size-default\">f\u00e9vrier 1, 2024<\/h2>\t\t<\/div>\n\t\t\t\t<\/div>\n\t\t\t\t\t<\/div>\n\t\t\t\t<\/div>\n\t\t\t\t<div class=\"elementor-element elementor-element-ca891d7 elementor-widget elementor-widget-theme-post-title elementor-page-title elementor-widget-heading\" data-id=\"ca891d7\" data-element_type=\"widget\" data-widget_type=\"theme-post-title.default\">\n\t\t\t\t<div class=\"elementor-widget-container\">\n\t\t\t<h1 class=\"elementor-heading-title elementor-size-default\">Avantages des figues s\u00e9ch\u00e9es et \u00e9l\u00e9ments \u00e0 prendre en compte lors de l'achat<\/h1>\t\t<\/div>\n\t\t\t\t<\/div>\n\t\t\t\t<\/a>\n\t\t\t\t<\/div>\n\t\t\t\t<div data-elementor-type=\"loop-item\" data-elementor-id=\"652\" class=\"elementor elementor-652 e-loop-item e-loop-item-694 post-694 post type-post status-publish format-standard has-post-thumbnail hentry category-yazilar\" data-elementor-post-type=\"elementor_library\" data-custom-edit-handle=\"1\">\n\t\t\t<a class=\"elementor-element elementor-element-2559313 e-con-full e-flex e-con e-parent\" data-id=\"2559313\" data-element_type=\"container\" data-settings=\"{&quot;content_width&quot;:&quot;full&quot;,&quot;background_background&quot;:&quot;classic&quot;}\" data-core-v316-plus=\"true\" href=\"https:\/\/nurer.com.tr\/fr\/incir-nerede-hangi-kosullarda-yetisir\/\">\n\t\t\t\t<div class=\"elementor-element elementor-element-c928d3d elementor-widget elementor-widget-theme-post-featured-image elementor-widget-image\" data-id=\"c928d3d\" data-element_type=\"widget\" data-widget_type=\"theme-post-featured-image.default\">\n\t\t\t\t<div class=\"elementor-widget-container\">\n\t\t\t\t\t\t\t\t\t\t\t\t\t<img decoding=\"async\" width=\"800\" height=\"532\" src=\"https:\/\/nurer.com.tr\/wp-content\/uploads\/2024\/02\/closeup-shot-unripe-figs-hanging-from-branch-fig-tree-garden-1024x681.jpg\" class=\"attachment-large size-large wp-image-695\" alt=\"\" srcset=\"https:\/\/nurer.com.tr\/wp-content\/uploads\/2024\/02\/closeup-shot-unripe-figs-hanging-from-branch-fig-tree-garden-1024x681.jpg 1024w, https:\/\/nurer.com.tr\/wp-content\/uploads\/2024\/02\/closeup-shot-unripe-figs-hanging-from-branch-fig-tree-garden-300x200.jpg 300w, https:\/\/nurer.com.tr\/wp-content\/uploads\/2024\/02\/closeup-shot-unripe-figs-hanging-from-branch-fig-tree-garden-768x511.jpg 768w, https:\/\/nurer.com.tr\/wp-content\/uploads\/2024\/02\/closeup-shot-unripe-figs-hanging-from-branch-fig-tree-garden-1536x1022.jpg 1536w, https:\/\/nurer.com.tr\/wp-content\/uploads\/2024\/02\/closeup-shot-unripe-figs-hanging-from-branch-fig-tree-garden-2048x1363.jpg 2048w, https:\/\/nurer.com.tr\/wp-content\/uploads\/2024\/02\/closeup-shot-unripe-figs-hanging-from-branch-fig-tree-garden-600x399.jpg 600w\" sizes=\"(max-width: 800px) 100vw, 800px\" \/>\t\t\t\t\t\t\t\t\t\t\t\t\t<\/div>\n\t\t\t\t<\/div>\n\t\t<div class=\"elementor-element elementor-element-f2d55de e-flex e-con-boxed e-con e-child\" data-id=\"f2d55de\" data-element_type=\"container\" data-settings=\"{&quot;content_width&quot;:&quot;boxed&quot;}\">\n\t\t\t\t\t<div class=\"e-con-inner\">\n\t\t\t\t<div class=\"elementor-element elementor-element-df47954 elementor-widget elementor-widget-heading\" data-id=\"df47954\" data-element_type=\"widget\" data-widget_type=\"heading.default\">\n\t\t\t\t<div class=\"elementor-widget-container\">\n\t\t\t<h2 class=\"elementor-heading-title elementor-size-default\">f\u00e9vrier 1, 2024<\/h2>\t\t<\/div>\n\t\t\t\t<\/div>\n\t\t\t\t\t<\/div>\n\t\t\t\t<\/div>\n\t\t\t\t<div class=\"elementor-element elementor-element-ca891d7 elementor-widget elementor-widget-theme-post-title elementor-page-title elementor-widget-heading\" data-id=\"ca891d7\" data-element_type=\"widget\" data-widget_type=\"theme-post-title.default\">\n\t\t\t\t<div class=\"elementor-widget-container\">\n\t\t\t<h1 class=\"elementor-heading-title elementor-size-default\">\u0130ncir Nerede, Hangi Ko\u015fullarda Yeti\u015fir?<\/h1>\t\t<\/div>\n\t\t\t\t<\/div>\n\t\t\t\t<\/a>\n\t\t\t\t<\/div>\n\t\t\t\t<div data-elementor-type=\"loop-item\" data-elementor-id=\"652\" class=\"elementor elementor-652 e-loop-item e-loop-item-1 post-1 post type-post status-publish format-standard has-post-thumbnail hentry category-yazilar\" data-elementor-post-type=\"elementor_library\" data-custom-edit-handle=\"1\">\n\t\t\t<a class=\"elementor-element elementor-element-2559313 e-con-full e-flex e-con e-parent\" data-id=\"2559313\" data-element_type=\"container\" data-settings=\"{&quot;content_width&quot;:&quot;full&quot;,&quot;background_background&quot;:&quot;classic&quot;}\" data-core-v316-plus=\"true\" href=\"https:\/\/nurer.com.tr\/fr\/hello-world\/\">\n\t\t\t\t<div class=\"elementor-element elementor-element-c928d3d elementor-widget elementor-widget-theme-post-featured-image elementor-widget-image\" data-id=\"c928d3d\" data-element_type=\"widget\" data-widget_type=\"theme-post-featured-image.default\">\n\t\t\t\t<div class=\"elementor-widget-container\">\n\t\t\t\t\t\t\t\t\t\t\t\t\t<img decoding=\"async\" width=\"800\" height=\"534\" src=\"https:\/\/nurer.com.tr\/wp-content\/uploads\/2024\/01\/green-purple-figs-ethnic-platter-1024x683.jpg\" class=\"attachment-large size-large wp-image-677\" alt=\"\" srcset=\"https:\/\/nurer.com.tr\/wp-content\/uploads\/2024\/01\/green-purple-figs-ethnic-platter-1024x683.jpg 1024w, https:\/\/nurer.com.tr\/wp-content\/uploads\/2024\/01\/green-purple-figs-ethnic-platter-300x200.jpg 300w, https:\/\/nurer.com.tr\/wp-content\/uploads\/2024\/01\/green-purple-figs-ethnic-platter-768x512.jpg 768w, https:\/\/nurer.com.tr\/wp-content\/uploads\/2024\/01\/green-purple-figs-ethnic-platter-1536x1024.jpg 1536w, https:\/\/nurer.com.tr\/wp-content\/uploads\/2024\/01\/green-purple-figs-ethnic-platter-2048x1365.jpg 2048w, https:\/\/nurer.com.tr\/wp-content\/uploads\/2024\/01\/green-purple-figs-ethnic-platter-600x400.jpg 600w\" sizes=\"(max-width: 800px) 100vw, 800px\" \/>\t\t\t\t\t\t\t\t\t\t\t\t\t<\/div>\n\t\t\t\t<\/div>\n\t\t<div class=\"elementor-element elementor-element-f2d55de e-flex e-con-boxed e-con e-child\" data-id=\"f2d55de\" data-element_type=\"container\" data-settings=\"{&quot;content_width&quot;:&quot;boxed&quot;}\">\n\t\t\t\t\t<div class=\"e-con-inner\">\n\t\t\t\t<div class=\"elementor-element elementor-element-df47954 elementor-widget elementor-widget-heading\" data-id=\"df47954\" data-element_type=\"widget\" data-widget_type=\"heading.default\">\n\t\t\t\t<div class=\"elementor-widget-container\">\n\t\t\t<h2 class=\"elementor-heading-title elementor-size-default\">janvier 16, 2024<\/h2>\t\t<\/div>\n\t\t\t\t<\/div>\n\t\t\t\t\t<\/div>\n\t\t\t\t<\/div>\n\t\t\t\t<div class=\"elementor-element elementor-element-ca891d7 elementor-widget elementor-widget-theme-post-title elementor-page-title elementor-widget-heading\" data-id=\"ca891d7\" data-element_type=\"widget\" data-widget_type=\"theme-post-title.default\">\n\t\t\t\t<div class=\"elementor-widget-container\">\n\t\t\t<h1 class=\"elementor-heading-title elementor-size-default\">Ayd\u0131n \u0130nciri: Sa\u011fl\u0131k ve Lezzetin Bulu\u015ftu\u011fu Nefis Bir Meyve<\/h1>\t\t<\/div>\n\t\t\t\t<\/div>\n\t\t\t\t<\/a>\n\t\t\t\t<\/div>\n\t\t\t\t<\/div>\n\t\t\n\t\t\t\t<\/div>\n\t\t\t\t<\/div>\n\t\t\t\t\t<\/div>\n\t\t\t\t<\/div>\n\t\t\t\t<\/div>","protected":false},"excerpt":{"rendered":"<p>Blog<\/p>","protected":false},"author":1,"featured_media":0,"parent":0,"menu_order":0,"comment_status":"closed","ping_status":"closed","template":"elementor_header_footer","meta":{"footnotes":""},"class_list":["post-643","page","type-page","status-publish","hentry"],"_links":{"self":[{"href":"https:\/\/nurer.com.tr\/fr\/wp-json\/wp\/v2\/pages\/643","targetHints":{"allow":["GET"]}}],"collection":[{"href":"https:\/\/nurer.com.tr\/fr\/wp-json\/wp\/v2\/pages"}],"about":[{"href":"https:\/\/nurer.com.tr\/fr\/wp-json\/wp\/v2\/types\/page"}],"author":[{"embeddable":true,"href":"https:\/\/nurer.com.tr\/fr\/wp-json\/wp\/v2\/users\/1"}],"replies":[{"embeddable":true,"href":"https:\/\/nurer.com.tr\/fr\/wp-json\/wp\/v2\/comments?post=643"}],"version-history":[{"count":0,"href":"https:\/\/nurer.com.tr\/fr\/wp-json\/wp\/v2\/pages\/643\/revisions"}],"wp:attachment":[{"href":"https:\/\/nurer.com.tr\/fr\/wp-json\/wp\/v2\/media?parent=643"}],"curies":[{"name":"wp","href":"https:\/\/api.w.org\/{rel}","templated":true}]}}