{"id":874,"date":"2024-02-20T08:02:59","date_gmt":"2024-02-20T08:02:59","guid":{"rendered":"https:\/\/nurer.com.tr\/?post_type=product&#038;p=874"},"modified":"2024-02-20T08:02:59","modified_gmt":"2024-02-20T08:02:59","slug":"guirlande-de-figue","status":"publish","type":"product","link":"https:\/\/nurer.com.tr\/en\/product\/guirlande-de-figue\/","title":{"rendered":"Guirlande De Figue"},"content":{"rendered":"","protected":false},"excerpt":{"rendered":"<p>Nurer Garland Dried Fig est un produit de figue s\u00e9ch\u00e9e d\u00e9velopp\u00e9 avec une m\u00e9thode de traitement sp\u00e9ciale et nettoy\u00e9 en forme de bagel. Les figues s\u00e9ch\u00e9es pr\u00e9sent\u00e9es sous forme de lerida sont pr\u00e9par\u00e9es dans des moules ronds sp\u00e9ciaux en forme de bagels. Si les figues dispos\u00e9es ont une forme ronde, elles sont parfois fix\u00e9es \u00e0 un moule circulaire, ce qui donne au produit un collier ou un bracelet. Cette m\u00e9thode de transformation particuli\u00e8re apporte une solution esth\u00e9tique pour la pr\u00e9sentation et le transport des figues s\u00e9ch\u00e9es. Les figues s\u00e9ch\u00e9es Garland peuvent \u00eatre consomm\u00e9es comme une option d\u00e9licieuse et saine ou sont disponibles dans une vari\u00e9t\u00e9 de recettes. Nos figues s\u00e9ch\u00e9es de haute qualit\u00e9 peuvent \u00eatre utilis\u00e9es selon un traitement hygi\u00e9nique.<\/p>","protected":false},"featured_media":875,"comment_status":"closed","ping_status":"closed","template":"","meta":[],"product_cat":[53],"product_tag":[],"class_list":{"0":"post-874","1":"product","2":"type-product","3":"status-publish","4":"has-post-thumbnail","6":"product_cat-uncategorized-fr","8":"first","9":"instock","10":"shipping-taxable","11":"product-type-simple"},"_links":{"self":[{"href":"https:\/\/nurer.com.tr\/en\/wp-json\/wp\/v2\/product\/874","targetHints":{"allow":["GET"]}}],"collection":[{"href":"https:\/\/nurer.com.tr\/en\/wp-json\/wp\/v2\/product"}],"about":[{"href":"https:\/\/nurer.com.tr\/en\/wp-json\/wp\/v2\/types\/product"}],"replies":[{"embeddable":true,"href":"https:\/\/nurer.com.tr\/en\/wp-json\/wp\/v2\/comments?post=874"}],"wp:featuredmedia":[{"embeddable":true,"href":"https:\/\/nurer.com.tr\/en\/wp-json\/wp\/v2\/media\/875"}],"wp:attachment":[{"href":"https:\/\/nurer.com.tr\/en\/wp-json\/wp\/v2\/media?parent=874"}],"wp:term":[{"taxonomy":"product_cat","embeddable":true,"href":"https:\/\/nurer.com.tr\/en\/wp-json\/wp\/v2\/product_cat?post=874"},{"taxonomy":"product_tag","embeddable":true,"href":"https:\/\/nurer.com.tr\/en\/wp-json\/wp\/v2\/product_tag?post=874"}],"curies":[{"name":"wp","href":"https:\/\/api.w.org\/{rel}","templated":true}]}}