{"id":70,"date":"2024-01-18T07:30:52","date_gmt":"2024-01-18T07:30:52","guid":{"rendered":"https:\/\/nurer.com.tr\/index.php\/sepet\/"},"modified":"2024-01-19T08:11:46","modified_gmt":"2024-01-19T08:11:46","slug":"sepet","status":"publish","type":"page","link":"https:\/\/nurer.com.tr\/en\/sepet\/","title":{"rendered":"Sepet"},"content":{"rendered":"<div data-elementor-type=\"wp-page\" data-elementor-id=\"70\" class=\"elementor elementor-70\" data-elementor-post-type=\"page\">\n\t\t\t\t<div class=\"elementor-element elementor-element-886551e e-flex e-con-boxed e-con e-parent\" data-id=\"886551e\" data-element_type=\"container\" data-settings=\"{&quot;content_width&quot;:&quot;boxed&quot;}\" data-core-v316-plus=\"true\">\n\t\t\t\t\t<div class=\"e-con-inner\">\n\t\t\t\t\t<\/div>\n\t\t\t\t<\/div>\n\t\t\t\t<\/div>","protected":false},"excerpt":{"rendered":"<p>\u00dcr\u00fcn\u00fc \u00e7\u0131kar K\u00fc\u00e7\u00fck resim \u00dcr\u00fcn Fiyat Miktar Ara Toplam &times; Test Ba\u015fl\u0131kl\u0131 \u00dcr\u00fcn 199,00&#8378; Test Ba\u015fl\u0131kl\u0131 \u00dcr\u00fcn adet 199,00&#8378; Update Cart Apply coupon Cart Totals Ara Toplam 199,00&#8378; Toplam 199,00&#8378; Proceed to Checkout<\/p>","protected":false},"author":1,"featured_media":0,"parent":0,"menu_order":0,"comment_status":"closed","ping_status":"closed","template":"","meta":{"footnotes":""},"class_list":["post-70","page","type-page","status-publish","hentry"],"_links":{"self":[{"href":"https:\/\/nurer.com.tr\/en\/wp-json\/wp\/v2\/pages\/70","targetHints":{"allow":["GET"]}}],"collection":[{"href":"https:\/\/nurer.com.tr\/en\/wp-json\/wp\/v2\/pages"}],"about":[{"href":"https:\/\/nurer.com.tr\/en\/wp-json\/wp\/v2\/types\/page"}],"author":[{"embeddable":true,"href":"https:\/\/nurer.com.tr\/en\/wp-json\/wp\/v2\/users\/1"}],"replies":[{"embeddable":true,"href":"https:\/\/nurer.com.tr\/en\/wp-json\/wp\/v2\/comments?post=70"}],"version-history":[{"count":0,"href":"https:\/\/nurer.com.tr\/en\/wp-json\/wp\/v2\/pages\/70\/revisions"}],"wp:attachment":[{"href":"https:\/\/nurer.com.tr\/en\/wp-json\/wp\/v2\/media?parent=70"}],"curies":[{"name":"wp","href":"https:\/\/api.w.org\/{rel}","templated":true}]}}